{"id":5659,"date":"2024-11-25T12:05:33","date_gmt":"2024-11-25T12:05:33","guid":{"rendered":"http:\/\/familyl.test\/cart\/"},"modified":"2025-02-09T08:36:38","modified_gmt":"2025-02-09T08:36:38","slug":"cart","status":"publish","type":"page","link":"https:\/\/ufuknesriyat.com\/tr\/cart\/","title":{"rendered":"yakla\u015f\u0131k"},"content":{"rendered":"\r\n<div data-block-name=\"woocommerce\/cart\" data-translated-with-w-p-m-l-t-m=\"1\" class=\"wp-block-woocommerce-cart alignwide is-loading\">\r\n<div data-block-name=\"woocommerce\/filled-cart-block\" data-translated-with-w-p-m-l-t-m=\"1\" class=\"wp-block-woocommerce-filled-cart-block\">\r\n<div data-block-name=\"woocommerce\/cart-items-block\" data-translated-with-w-p-m-l-t-m=\"1\" class=\"wp-block-woocommerce-cart-items-block\">\n<div data-block-name=\"woocommerce\/cart-line-items-block\" data-translated-with-w-p-m-l-t-m=\"1\" class=\"wp-block-woocommerce-cart-line-items-block\"> <\/div>\n\r\n\r\n\r\n<div data-block-name=\"woocommerce\/cart-cross-sells-block\" data-translated-with-w-p-m-l-t-m=\"1\" class=\"wp-block-woocommerce-cart-cross-sells-block\">&#13;\n<h2 class=\"wp-block-heading has-large-font-size\">\u0130lginizi \u00e7ekebilir\u2026<\/h2>&#13;\n\r\n\r\n\n<div data-block-name=\"woocommerce\/cart-cross-sells-products-block\" data-translated-with-w-p-m-l-t-m=\"1\" class=\"wp-block-woocommerce-cart-cross-sells-products-block\"> <\/div>\n<\/div>\r\n<\/div>\r\n\r\n\r\n\r\n<div data-block-name=\"woocommerce\/cart-totals-block\" data-translated-with-w-p-m-l-t-m=\"1\" class=\"wp-block-woocommerce-cart-totals-block\">\r\n<div data-block-name=\"woocommerce\/cart-order-summary-block\" data-translated-with-w-p-m-l-t-m=\"1\" class=\"wp-block-woocommerce-cart-order-summary-block\">\r\n<div data-block-name=\"woocommerce\/cart-order-summary-heading-block\" class=\"wp-block-woocommerce-cart-order-summary-heading-block\">\u00a0<\/div>\r\n\r\n\r<div data-block-name=\"woocommerce\/cart-order-summary-coupon-form-block\" data-translated-with-w-p-m-l-t-m=\"1\" class=\"wp-block-woocommerce-cart-order-summary-coupon-form-block\"> <\/div>\n\r\n\r\n\r\n\r\n\r\n\r\n\r\n\r\n\r\n\r<div data-block-name=\"woocommerce\/cart-order-summary-totals-block\" class=\"wp-block-woocommerce-cart-order-summary-totals-block\">\n<div data-block-name=\"woocommerce\/cart-order-summary-subtotal-block\" data-translated-with-w-p-m-l-t-m=\"1\" class=\"wp-block-woocommerce-cart-order-summary-subtotal-block\"> <\/div>\n<div data-block-name=\"woocommerce\/cart-order-summary-discount-block\" data-translated-with-w-p-m-l-t-m=\"1\" class=\"wp-block-woocommerce-cart-order-summary-discount-block\"> <\/div>\n<div data-block-name=\"woocommerce\/cart-order-summary-fee-block\" data-translated-with-w-p-m-l-t-m=\"1\" class=\"wp-block-woocommerce-cart-order-summary-fee-block\"> <\/div>\n<div data-block-name=\"woocommerce\/cart-order-summary-shipping-block\" data-translated-with-w-p-m-l-t-m=\"1\" class=\"wp-block-woocommerce-cart-order-summary-shipping-block\"> <\/div>\n<div data-block-name=\"woocommerce\/cart-order-summary-taxes-block\" data-translated-with-w-p-m-l-t-m=\"1\" class=\"wp-block-woocommerce-cart-order-summary-taxes-block\"> <\/div><\/div>\n<\/div>\r\n\r\n\r\n\n<div data-block-name=\"woocommerce\/cart-express-payment-block\" data-translated-with-w-p-m-l-t-m=\"1\" class=\"wp-block-woocommerce-cart-express-payment-block\"> <\/div>\n\r\n\r\n\r\n<div data-block-name=\"woocommerce\/proceed-to-checkout-block\" class=\"wp-block-woocommerce-proceed-to-checkout-block\">\u00a0<\/div>\r\n\r\n\r\n\n<div data-block-name=\"woocommerce\/cart-accepted-payment-methods-block\" data-translated-with-w-p-m-l-t-m=\"1\" class=\"wp-block-woocommerce-cart-accepted-payment-methods-block\"> <\/div>\n<\/div>\r\n<\/div>\r\n\r\n\r\n\r\n<div data-block-name=\"woocommerce\/empty-cart-block\" data-translated-with-w-p-m-l-t-m=\"1\" class=\"wp-block-woocommerce-empty-cart-block\">&#13;\n<h2 class=\"wp-block-heading has-text-align-center with-empty-cart-icon wc-block-cart__empty-cart__title\">Al\u0131\u015fveri\u015f sepetiniz \u015fu anda bo\u015f!<\/h2>&#13;\n\r\n\r\n<hr class=\"wp-block-separator has-alpha-channel-opacity is-style-dots\" \/>\r\n\r\n&#13;\n<h2 class=\"wp-block-heading has-text-align-center\">Ma\u011fazada yeni<\/h2>&#13;\n\r\n\r\n<div data-block-name=\"woocommerce\/product-new\" data-columns=\"4\" data-rows=\"1\" class=\"wc-block-grid wp-block-product-new wp-block-woocommerce-product-new wc-block-product-new has-4-columns\"><ul class=\"wc-block-grid__products\"><li class=\"wc-block-grid__product\">\n\t\t\t\t<a href=\"https:\/\/ufuknesriyat.com\/tr\/product\/%d9%84%d9%86%d9%83%d9%86-%d8%ac%d9%8a%d9%84%d8%a7%d9%8b-%d8%ba%d8%b2%d9%8a%d8%a7%d9%8b\/\" class=\"wc-block-grid__product-link\">\n\t\t\t\t\t\n\t\t\t\t\t<div class=\"wc-block-grid__product-image\"><img loading=\"lazy\" decoding=\"async\" width=\"410\" height=\"608\" src=\"https:\/\/ufuknesriyat.com\/wp-content\/uploads\/2026\/02\/\u0644\u0646\u0643\u0646-\u062c\u064a\u0644\u0627-\u063a\u0632\u064a\u0627-face-410x608.jpeg\" class=\"attachment-woocommerce_thumbnail size-woocommerce_thumbnail\" alt=\"\u0644\u0646\u0643\u0646 \u062c\u064a\u0644\u0627\u064b \u063a\u0632\u064a\u0627\u064b\" srcset=\"\/\/ufuknesriyat.com\/wp-content\/uploads\/2026\/02\/\u0644\u0646\u0643\u0646-\u062c\u064a\u0644\u0627-\u063a\u0632\u064a\u0627-face-410x608.jpeg 410w, \/\/ufuknesriyat.com\/wp-content\/uploads\/2026\/02\/\u0644\u0646\u0643\u0646-\u062c\u064a\u0644\u0627-\u063a\u0632\u064a\u0627-face-580x860.jpeg 580w, \/\/ufuknesriyat.com\/wp-content\/uploads\/2026\/02\/\u0644\u0646\u0643\u0646-\u062c\u064a\u0644\u0627-\u063a\u0632\u064a\u0627-face-202x300.jpeg 202w, \/\/ufuknesriyat.com\/wp-content\/uploads\/2026\/02\/\u0644\u0646\u0643\u0646-\u062c\u064a\u0644\u0627-\u063a\u0632\u064a\u0627-face-691x1024.jpeg 691w, \/\/ufuknesriyat.com\/wp-content\/uploads\/2026\/02\/\u0644\u0646\u0643\u0646-\u062c\u064a\u0644\u0627-\u063a\u0632\u064a\u0627-face-768x1139.jpeg 768w, \/\/ufuknesriyat.com\/wp-content\/uploads\/2026\/02\/\u0644\u0646\u0643\u0646-\u062c\u064a\u0644\u0627-\u063a\u0632\u064a\u0627-face-1036x1536.jpeg 1036w, \/\/ufuknesriyat.com\/wp-content\/uploads\/2026\/02\/\u0644\u0646\u0643\u0646-\u062c\u064a\u0644\u0627-\u063a\u0632\u064a\u0627-face-64x95.jpeg 64w, \/\/ufuknesriyat.com\/wp-content\/uploads\/2026\/02\/\u0644\u0646\u0643\u0646-\u062c\u064a\u0644\u0627-\u063a\u0632\u064a\u0627-face.jpeg 1079w\" sizes=\"auto, (max-width: 410px) 100vw, 410px\" \/><\/div>\n\t\t\t\t\t<div class=\"wc-block-grid__product-title\">\u0644\u0646\u0643\u0646 \u062c\u064a\u0644\u0627\u064b \u063a\u0632\u064a\u0627\u064b<\/div>\n\t\t\t\t<\/a>\n\t\t\t\t<div class=\"wc-block-grid__product-price price\"><span class=\"woocommerce-Price-amount amount\">8,40&nbsp;<span class=\"woocommerce-Price-currencySymbol\">&#036;<\/span><\/span><\/div>\n\t\t\t\t\n\t\t\t\t<div class=\"wp-block-button wc-block-grid__product-add-to-cart\"><a href=\"\/tr\/wp-json\/wp\/v2\/pages\/5659?add-to-cart=38357\" aria-label=\"Sepete ekle: \u201c\u0644\u0646\u0643\u0646 \u062c\u064a\u0644\u0627\u064b \u063a\u0632\u064a\u0627\u064b\u201d\" data-quantity=\"1\" data-product_id=\"38357\" data-product_sku=\"\" data-price=\"8.4\" rel=\"nofollow\" class=\"wp-block-button__link  add_to_cart_button ajax_add_to_cart\">Sepete Ekle<\/a><\/div>\n\t\t\t<\/li><li class=\"wc-block-grid__product\">\n\t\t\t\t<a href=\"https:\/\/ufuknesriyat.com\/tr\/product\/%d9%81%d8%aa%d9%8a%d8%a7%d8%aa-%d8%a7%d9%84%d8%a5%d8%b3%d9%84%d8%a7%d9%85-%d9%84%d9%84%d9%86%d8%a7%d8%b4%d8%a6%d8%a9\/\" class=\"wc-block-grid__product-link\">\n\t\t\t\t\t\n\t\t\t\t\t<div class=\"wc-block-grid__product-image\"><img loading=\"lazy\" decoding=\"async\" width=\"410\" height=\"608\" src=\"https:\/\/ufuknesriyat.com\/wp-content\/uploads\/2026\/02\/\u0641\u062a\u064a\u0627\u062a-\u0627\u0644\u0627\u0633\u0644\u0627\u0645-face-410x608.jpeg\" class=\"attachment-woocommerce_thumbnail size-woocommerce_thumbnail\" alt=\"\u0641\u062a\u064a\u0627\u062a \u0627\u0644\u0625\u0633\u0644\u0627\u0645 \u0644\u0644\u0646\u0627\u0634\u0626\u0629\" srcset=\"\/\/ufuknesriyat.com\/wp-content\/uploads\/2026\/02\/\u0641\u062a\u064a\u0627\u062a-\u0627\u0644\u0627\u0633\u0644\u0627\u0645-face-410x608.jpeg 410w, \/\/ufuknesriyat.com\/wp-content\/uploads\/2026\/02\/\u0641\u062a\u064a\u0627\u062a-\u0627\u0644\u0627\u0633\u0644\u0627\u0645-face-580x860.jpeg 580w, \/\/ufuknesriyat.com\/wp-content\/uploads\/2026\/02\/\u0641\u062a\u064a\u0627\u062a-\u0627\u0644\u0627\u0633\u0644\u0627\u0645-face-202x300.jpeg 202w, \/\/ufuknesriyat.com\/wp-content\/uploads\/2026\/02\/\u0641\u062a\u064a\u0627\u062a-\u0627\u0644\u0627\u0633\u0644\u0627\u0645-face-691x1024.jpeg 691w, \/\/ufuknesriyat.com\/wp-content\/uploads\/2026\/02\/\u0641\u062a\u064a\u0627\u062a-\u0627\u0644\u0627\u0633\u0644\u0627\u0645-face-768x1139.jpeg 768w, \/\/ufuknesriyat.com\/wp-content\/uploads\/2026\/02\/\u0641\u062a\u064a\u0627\u062a-\u0627\u0644\u0627\u0633\u0644\u0627\u0645-face-1036x1536.jpeg 1036w, \/\/ufuknesriyat.com\/wp-content\/uploads\/2026\/02\/\u0641\u062a\u064a\u0627\u062a-\u0627\u0644\u0627\u0633\u0644\u0627\u0645-face-64x95.jpeg 64w, \/\/ufuknesriyat.com\/wp-content\/uploads\/2026\/02\/\u0641\u062a\u064a\u0627\u062a-\u0627\u0644\u0627\u0633\u0644\u0627\u0645-face.jpeg 1079w\" sizes=\"auto, (max-width: 410px) 100vw, 410px\" \/><\/div>\n\t\t\t\t\t<div class=\"wc-block-grid__product-title\">\u0641\u062a\u064a\u0627\u062a \u0627\u0644\u0625\u0633\u0644\u0627\u0645 \u0644\u0644\u0646\u0627\u0634\u0626\u0629<\/div>\n\t\t\t\t<\/a>\n\t\t\t\t<div class=\"wc-block-grid__product-price price\"><span class=\"woocommerce-Price-amount amount\">5,20&nbsp;<span class=\"woocommerce-Price-currencySymbol\">&#036;<\/span><\/span><\/div>\n\t\t\t\t\n\t\t\t\t<div class=\"wp-block-button wc-block-grid__product-add-to-cart\"><a href=\"\/tr\/wp-json\/wp\/v2\/pages\/5659?add-to-cart=38288\" aria-label=\"Sepete ekle: \u201c\u0641\u062a\u064a\u0627\u062a \u0627\u0644\u0625\u0633\u0644\u0627\u0645 \u0644\u0644\u0646\u0627\u0634\u0626\u0629\u201d\" data-quantity=\"1\" data-product_id=\"38288\" data-product_sku=\"\" data-price=\"5.2\" rel=\"nofollow\" class=\"wp-block-button__link  add_to_cart_button ajax_add_to_cart\">Sepete Ekle<\/a><\/div>\n\t\t\t<\/li><li class=\"wc-block-grid__product\">\n\t\t\t\t<a href=\"https:\/\/ufuknesriyat.com\/tr\/product\/%d8%a7%d9%84%d8%a2%d8%af%d8%a7%d8%a8-%d8%a7%d9%84%d8%a5%d8%b3%d9%84%d8%a7%d9%85%d9%8a%d8%a9-%d9%84%d9%84%d9%86%d8%a7%d8%b4%d8%a6%d8%a9\/\" class=\"wc-block-grid__product-link\">\n\t\t\t\t\t\n\t\t\t\t\t<div class=\"wc-block-grid__product-image\"><img loading=\"lazy\" decoding=\"async\" width=\"410\" height=\"608\" src=\"https:\/\/ufuknesriyat.com\/wp-content\/uploads\/2026\/02\/\u0627\u0644\u0627\u062f\u0627\u0628-\u0627\u0644\u0627\u0633\u0644\u0627\u0645\u064a\u0629-\u0644\u0644\u0646\u0627\u0634\u0626\u0629-face-410x608.jpeg\" class=\"attachment-woocommerce_thumbnail size-woocommerce_thumbnail\" alt=\"\u0627\u0644\u0622\u062f\u0627\u0628 \u0627\u0644\u0625\u0633\u0644\u0627\u0645\u064a\u0629 \u0644\u0644\u0646\u0627\u0634\u0626\u0629\" srcset=\"\/\/ufuknesriyat.com\/wp-content\/uploads\/2026\/02\/\u0627\u0644\u0627\u062f\u0627\u0628-\u0627\u0644\u0627\u0633\u0644\u0627\u0645\u064a\u0629-\u0644\u0644\u0646\u0627\u0634\u0626\u0629-face-410x608.jpeg 410w, \/\/ufuknesriyat.com\/wp-content\/uploads\/2026\/02\/\u0627\u0644\u0627\u062f\u0627\u0628-\u0627\u0644\u0627\u0633\u0644\u0627\u0645\u064a\u0629-\u0644\u0644\u0646\u0627\u0634\u0626\u0629-face-580x860.jpeg 580w, \/\/ufuknesriyat.com\/wp-content\/uploads\/2026\/02\/\u0627\u0644\u0627\u062f\u0627\u0628-\u0627\u0644\u0627\u0633\u0644\u0627\u0645\u064a\u0629-\u0644\u0644\u0646\u0627\u0634\u0626\u0629-face-202x300.jpeg 202w, \/\/ufuknesriyat.com\/wp-content\/uploads\/2026\/02\/\u0627\u0644\u0627\u062f\u0627\u0628-\u0627\u0644\u0627\u0633\u0644\u0627\u0645\u064a\u0629-\u0644\u0644\u0646\u0627\u0634\u0626\u0629-face-691x1024.jpeg 691w, \/\/ufuknesriyat.com\/wp-content\/uploads\/2026\/02\/\u0627\u0644\u0627\u062f\u0627\u0628-\u0627\u0644\u0627\u0633\u0644\u0627\u0645\u064a\u0629-\u0644\u0644\u0646\u0627\u0634\u0626\u0629-face-768x1139.jpeg 768w, \/\/ufuknesriyat.com\/wp-content\/uploads\/2026\/02\/\u0627\u0644\u0627\u062f\u0627\u0628-\u0627\u0644\u0627\u0633\u0644\u0627\u0645\u064a\u0629-\u0644\u0644\u0646\u0627\u0634\u0626\u0629-face-1036x1536.jpeg 1036w, \/\/ufuknesriyat.com\/wp-content\/uploads\/2026\/02\/\u0627\u0644\u0627\u062f\u0627\u0628-\u0627\u0644\u0627\u0633\u0644\u0627\u0645\u064a\u0629-\u0644\u0644\u0646\u0627\u0634\u0626\u0629-face-64x95.jpeg 64w, \/\/ufuknesriyat.com\/wp-content\/uploads\/2026\/02\/\u0627\u0644\u0627\u062f\u0627\u0628-\u0627\u0644\u0627\u0633\u0644\u0627\u0645\u064a\u0629-\u0644\u0644\u0646\u0627\u0634\u0626\u0629-face.jpeg 1079w\" sizes=\"auto, (max-width: 410px) 100vw, 410px\" \/><\/div>\n\t\t\t\t\t<div class=\"wc-block-grid__product-title\">\u0627\u0644\u0622\u062f\u0627\u0628 \u0627\u0644\u0625\u0633\u0644\u0627\u0645\u064a\u0629 \u0644\u0644\u0646\u0627\u0634\u0626\u0629<\/div>\n\t\t\t\t<\/a>\n\t\t\t\t<div class=\"wc-block-grid__product-price price\"><span class=\"woocommerce-Price-amount amount\">5,50&nbsp;<span class=\"woocommerce-Price-currencySymbol\">&#036;<\/span><\/span><\/div>\n\t\t\t\t\n\t\t\t\t<div class=\"wp-block-button wc-block-grid__product-add-to-cart\"><a href=\"\/tr\/wp-json\/wp\/v2\/pages\/5659?add-to-cart=38245\" aria-label=\"Sepete ekle: \u201c\u0627\u0644\u0622\u062f\u0627\u0628 \u0627\u0644\u0625\u0633\u0644\u0627\u0645\u064a\u0629 \u0644\u0644\u0646\u0627\u0634\u0626\u0629\u201d\" data-quantity=\"1\" data-product_id=\"38245\" data-product_sku=\"\" data-price=\"5.5\" rel=\"nofollow\" class=\"wp-block-button__link  add_to_cart_button ajax_add_to_cart\">Sepete Ekle<\/a><\/div>\n\t\t\t<\/li><li class=\"wc-block-grid__product\">\n\t\t\t\t<a href=\"https:\/\/ufuknesriyat.com\/tr\/product\/%d8%b3%d9%8a%d8%b1%d8%a9-%d8%a7%d9%84%d8%ae%d9%84%d9%81%d8%a7%d8%a1-%d8%a7%d9%84%d8%b1%d8%a7%d8%b4%d8%af%d9%8a%d9%86-%d9%84%d9%84%d9%86%d8%a7%d8%b4%d8%a6%d8%a9\/\" class=\"wc-block-grid__product-link\">\n\t\t\t\t\t\n\t\t\t\t\t<div class=\"wc-block-grid__product-image\"><img loading=\"lazy\" decoding=\"async\" width=\"410\" height=\"608\" src=\"https:\/\/ufuknesriyat.com\/wp-content\/uploads\/2026\/02\/\u0633\u064a\u0631\u0629-\u0627\u0644\u062e\u0644\u0641\u0627\u0621-\u0627\u0644\u0631\u0627\u0634\u062f\u064a\u0646-\u0644\u0644\u0646\u0627\u0634\u0626\u0629-face-410x608.jpeg\" class=\"attachment-woocommerce_thumbnail size-woocommerce_thumbnail\" alt=\"\u0633\u064a\u0631\u0629 \u0627\u0644\u062e\u0644\u0641\u0627\u0621 \u0627\u0644\u0631\u0627\u0634\u062f\u064a\u0646 \u0644\u0644\u0646\u0627\u0634\u0626\u0629\" srcset=\"\/\/ufuknesriyat.com\/wp-content\/uploads\/2026\/02\/\u0633\u064a\u0631\u0629-\u0627\u0644\u062e\u0644\u0641\u0627\u0621-\u0627\u0644\u0631\u0627\u0634\u062f\u064a\u0646-\u0644\u0644\u0646\u0627\u0634\u0626\u0629-face-410x608.jpeg 410w, \/\/ufuknesriyat.com\/wp-content\/uploads\/2026\/02\/\u0633\u064a\u0631\u0629-\u0627\u0644\u062e\u0644\u0641\u0627\u0621-\u0627\u0644\u0631\u0627\u0634\u062f\u064a\u0646-\u0644\u0644\u0646\u0627\u0634\u0626\u0629-face-580x860.jpeg 580w, \/\/ufuknesriyat.com\/wp-content\/uploads\/2026\/02\/\u0633\u064a\u0631\u0629-\u0627\u0644\u062e\u0644\u0641\u0627\u0621-\u0627\u0644\u0631\u0627\u0634\u062f\u064a\u0646-\u0644\u0644\u0646\u0627\u0634\u0626\u0629-face-202x300.jpeg 202w, \/\/ufuknesriyat.com\/wp-content\/uploads\/2026\/02\/\u0633\u064a\u0631\u0629-\u0627\u0644\u062e\u0644\u0641\u0627\u0621-\u0627\u0644\u0631\u0627\u0634\u062f\u064a\u0646-\u0644\u0644\u0646\u0627\u0634\u0626\u0629-face-691x1024.jpeg 691w, \/\/ufuknesriyat.com\/wp-content\/uploads\/2026\/02\/\u0633\u064a\u0631\u0629-\u0627\u0644\u062e\u0644\u0641\u0627\u0621-\u0627\u0644\u0631\u0627\u0634\u062f\u064a\u0646-\u0644\u0644\u0646\u0627\u0634\u0626\u0629-face-768x1139.jpeg 768w, \/\/ufuknesriyat.com\/wp-content\/uploads\/2026\/02\/\u0633\u064a\u0631\u0629-\u0627\u0644\u062e\u0644\u0641\u0627\u0621-\u0627\u0644\u0631\u0627\u0634\u062f\u064a\u0646-\u0644\u0644\u0646\u0627\u0634\u0626\u0629-face-1036x1536.jpeg 1036w, \/\/ufuknesriyat.com\/wp-content\/uploads\/2026\/02\/\u0633\u064a\u0631\u0629-\u0627\u0644\u062e\u0644\u0641\u0627\u0621-\u0627\u0644\u0631\u0627\u0634\u062f\u064a\u0646-\u0644\u0644\u0646\u0627\u0634\u0626\u0629-face-64x95.jpeg 64w, \/\/ufuknesriyat.com\/wp-content\/uploads\/2026\/02\/\u0633\u064a\u0631\u0629-\u0627\u0644\u062e\u0644\u0641\u0627\u0621-\u0627\u0644\u0631\u0627\u0634\u062f\u064a\u0646-\u0644\u0644\u0646\u0627\u0634\u0626\u0629-face.jpeg 1079w\" sizes=\"auto, (max-width: 410px) 100vw, 410px\" \/><\/div>\n\t\t\t\t\t<div class=\"wc-block-grid__product-title\">\u0633\u064a\u0631\u0629 \u0627\u0644\u062e\u0644\u0641\u0627\u0621 \u0627\u0644\u0631\u0627\u0634\u062f\u064a\u0646 \u0644\u0644\u0646\u0627\u0634\u0626\u0629<\/div>\n\t\t\t\t<\/a>\n\t\t\t\t<div class=\"wc-block-grid__product-price price\"><span class=\"woocommerce-Price-amount amount\">7,00&nbsp;<span class=\"woocommerce-Price-currencySymbol\">&#036;<\/span><\/span><\/div>\n\t\t\t\t\n\t\t\t\t<div class=\"wp-block-button wc-block-grid__product-add-to-cart\"><a href=\"\/tr\/wp-json\/wp\/v2\/pages\/5659?add-to-cart=38247\" aria-label=\"Sepete ekle: \u201c\u0633\u064a\u0631\u0629 \u0627\u0644\u062e\u0644\u0641\u0627\u0621 \u0627\u0644\u0631\u0627\u0634\u062f\u064a\u0646 \u0644\u0644\u0646\u0627\u0634\u0626\u0629\u201d\" data-quantity=\"1\" data-product_id=\"38247\" data-product_sku=\"\" data-price=\"7\" rel=\"nofollow\" class=\"wp-block-button__link  add_to_cart_button ajax_add_to_cart\">Sepete Ekle<\/a><\/div>\n\t\t\t<\/li><\/ul><\/div><\/div>\r\n<\/div>\r\n","protected":false},"excerpt":{"rendered":"","protected":false},"author":1,"featured_media":0,"parent":0,"menu_order":0,"comment_status":"closed","ping_status":"closed","template":"","meta":{"_acf_changed":false,"footnotes":""},"class_list":["post-5659","page","type-page","status-publish","hentry","_wholesalex wsx-wholesalex-product"],"acf":[],"_links":{"self":[{"href":"https:\/\/ufuknesriyat.com\/tr\/wp-json\/wp\/v2\/pages\/5659","targetHints":{"allow":["GET"]}}],"collection":[{"href":"https:\/\/ufuknesriyat.com\/tr\/wp-json\/wp\/v2\/pages"}],"about":[{"href":"https:\/\/ufuknesriyat.com\/tr\/wp-json\/wp\/v2\/types\/page"}],"author":[{"embeddable":true,"href":"https:\/\/ufuknesriyat.com\/tr\/wp-json\/wp\/v2\/users\/1"}],"replies":[{"embeddable":true,"href":"https:\/\/ufuknesriyat.com\/tr\/wp-json\/wp\/v2\/comments?post=5659"}],"version-history":[{"count":0,"href":"https:\/\/ufuknesriyat.com\/tr\/wp-json\/wp\/v2\/pages\/5659\/revisions"}],"wp:attachment":[{"href":"https:\/\/ufuknesriyat.com\/tr\/wp-json\/wp\/v2\/media?parent=5659"}],"curies":[{"name":"wp","href":"https:\/\/api.w.org\/{rel}","templated":true}]}}