{"id":29467,"date":"2025-05-18T06:44:20","date_gmt":"2025-05-18T06:44:20","guid":{"rendered":"https:\/\/beta.arabfamilybs.com\/product\/%d9%85%d8%a7%d9%81%d9%88%d9%82-%d8%a7%d9%84%d8%b0%d9%83%d8%a7%d8%a1-%d8%a7%d9%84%d8%b9%d8%a7%d8%b7%d9%81%d9%8a\/"},"modified":"2025-09-14T09:20:02","modified_gmt":"2025-09-14T09:20:02","slug":"%d9%85%d8%a7%d9%81%d9%88%d9%82-%d8%a7%d9%84%d8%b0%d9%83%d8%a7%d8%a1-%d8%a7%d9%84%d8%b9%d8%a7%d8%b7%d9%81%d9%8a","status":"publish","type":"product","link":"https:\/\/ufuknesriyat.com\/tr\/product\/%d9%85%d8%a7%d9%81%d9%88%d9%82-%d8%a7%d9%84%d8%b0%d9%83%d8%a7%d8%a1-%d8%a7%d9%84%d8%b9%d8%a7%d8%b7%d9%81%d9%8a\/","title":{"rendered":"\u0645\u0627\u0641\u0648\u0642 \u0627\u0644\u0630\u0643\u0627\u0621 \u0627\u0644\u0639\u0627\u0637\u0641\u064a"},"content":{"rendered":"<p>Bu eseri halihaz\u0131rdaki gidi\u015fata teslim olmay\u0131p \u00fcmitsizlik, korku ve tembellik engellerini y\u0131kan, Evreni iman sevdalar\u0131 ile titretmek i\u00e7in aya\u011f\u0131 kalk\u0131p hayat\u0131 \u00fcmit, sevgi ve azimle renklendiren \u00f6nc\u00fcleri ithaf ediyorum. Onlar yeni g\u00fcn do\u011fumlar\u0131n\u0131n \u00f6nc\u00fcleridir. Duygusal zeka onlar\u0131n iman ve azimleri ile besledikleri en \u00f6nemli enerji ve sinerji kaynaklar\u0131d\u0131r.<\/p>\n","protected":false},"excerpt":{"rendered":"<p>\u062a\u0631\u0643\u064a<\/p>\n","protected":false},"featured_media":21223,"comment_status":"open","ping_status":"closed","template":"","meta":{"_acf_changed":false},"location":[],"product_brand":[],"product_cat":[270,230],"product_tag":[],"class_list":{"0":"post-29467","1":"product","2":"type-product","3":"status-publish","4":"has-post-thumbnail","6":"product_cat-270","7":"product_cat-230","8":"product_author-440","9":"product_genre-706","10":"_wholesalex wsx-wholesalex-product","12":"first","13":"instock","14":"shipping-taxable","15":"purchasable","16":"product-type-simple"},"acf":[],"locations":[],"_links":{"self":[{"href":"https:\/\/ufuknesriyat.com\/tr\/wp-json\/wp\/v2\/product\/29467","targetHints":{"allow":["GET"]}}],"collection":[{"href":"https:\/\/ufuknesriyat.com\/tr\/wp-json\/wp\/v2\/product"}],"about":[{"href":"https:\/\/ufuknesriyat.com\/tr\/wp-json\/wp\/v2\/types\/product"}],"replies":[{"embeddable":true,"href":"https:\/\/ufuknesriyat.com\/tr\/wp-json\/wp\/v2\/comments?post=29467"}],"wp:featuredmedia":[{"embeddable":true,"href":"https:\/\/ufuknesriyat.com\/tr\/wp-json\/wp\/v2\/media\/21223"}],"wp:attachment":[{"href":"https:\/\/ufuknesriyat.com\/tr\/wp-json\/wp\/v2\/media?parent=29467"}],"wp:term":[{"taxonomy":"location","embeddable":true,"href":"https:\/\/ufuknesriyat.com\/tr\/wp-json\/wp\/v2\/location?post=29467"},{"taxonomy":"product_brand","embeddable":true,"href":"https:\/\/ufuknesriyat.com\/tr\/wp-json\/wp\/v2\/product_brand?post=29467"},{"taxonomy":"product_cat","embeddable":true,"href":"https:\/\/ufuknesriyat.com\/tr\/wp-json\/wp\/v2\/product_cat?post=29467"},{"taxonomy":"product_tag","embeddable":true,"href":"https:\/\/ufuknesriyat.com\/tr\/wp-json\/wp\/v2\/product_tag?post=29467"}],"curies":[{"name":"wp","href":"https:\/\/api.w.org\/{rel}","templated":true}]}}